{"id":1773,"date":"2019-05-26T13:34:45","date_gmt":"2019-05-26T13:34:45","guid":{"rendered":"https:\/\/new.olympia-hotels.com\/home\/"},"modified":"2019-05-26T16:50:14","modified_gmt":"2019-05-26T16:50:14","slug":"home","status":"publish","type":"page","link":"https:\/\/www.olympia-hotels.com\/de\/","title":{"rendered":"Home"},"content":{"rendered":"<p><div class=\"fusion-fullwidth fullwidth-box fusion-builder-row-1 hundred-percent-fullwidth non-hundred-percent-height-scrolling fusion-equal-height-columns\" style=\"--awb-background-position:left top;--awb-border-radius-top-left:0px;--awb-border-radius-top-right:0px;--awb-border-radius-bottom-right:0px;--awb-border-radius-bottom-left:0px;--awb-padding-top:90px;--awb-padding-right:0px;--awb-padding-bottom:0px;--awb-padding-left:0px;--awb-border-sizes-top:0px;--awb-border-sizes-bottom:0px;--awb-flex-wrap:wrap;\" ><div class=\"fusion-builder-row fusion-row\"><div class=\"fusion-layout-column fusion_builder_column fusion-builder-column-0 fusion_builder_column_1_2 1_2 fusion-one-half fusion-column-first\" style=\"--awb-bg-position:center center;--awb-bg-size:cover;width:48%; margin-right: 4%;\"><div class=\"fusion-column-wrapper lazyload fusion-column-has-shadow fusion-flex-column-wrapper-legacy fusion-empty-column-bg-image fusion-column-has-bg-image\" data-bg-url=\"https:\/\/www.olympia-hotels.com\/wp-content\/uploads\/2019\/05\/4-5-1024x682.jpg\" data-bg=\"https:\/\/www.olympia-hotels.com\/wp-content\/uploads\/2019\/05\/4-5-1024x682.jpg\"><img decoding=\"async\" class=\"fusion-empty-dims-img-placeholder fusion-no-large-visibility\" aria-label=\"4\" src=\"data:image\/svg+xml,%3Csvg%20xmlns%3D%27http%3A%2F%2Fwww.w3.org%2F2000%2Fsvg%27%20width%3D%271024%27%20height%3D%27682%27%20viewBox%3D%270%200%201024%20682%27%3E%3Crect%20width%3D%271024%27%20height%3D%27682%27%20fill-opacity%3D%220%22%2F%3E%3C%2Fsvg%3E\"><div class=\"fusion-clearfix\"><\/div><\/div><\/div><div class=\"fusion-layout-column fusion_builder_column fusion-builder-column-1 fusion_builder_column_1_2 1_2 fusion-one-half fusion-column-last special\" style=\"--awb-padding-top:30px;--awb-padding-right:15%;--awb-padding-bottom:30px;--awb-padding-left:30px;--awb-bg-size:cover;--awb-margin-bottom:0px;width:48%;\"><div class=\"fusion-column-wrapper fusion-flex-column-wrapper-legacy\"><div class=\"fusion-text fusion-text-1\"><h1>Die Lage<\/h1>\n<\/div><div class=\"fusion-sep-clear\"><\/div><div class=\"fusion-separator fusion-clearfix separator-left\" style=\"float:left;margin-top:0px;margin-bottom:30px;width:100%;max-width:170px;\"><div class=\"fusion-separator-border sep-single sep-solid\" style=\"--awb-height:20px;--awb-amount:20px;--awb-sep-color:#ffffff;border-color:#ffffff;border-top-width:1px;\"><\/div><\/div><div class=\"fusion-sep-clear\"><\/div><div class=\"fusion-text fusion-text-2\"><h3><span style=\"color: #ffffff;\">Erfahren Sie mehr \u00fcber Samos, Kokkari und unsere Hotels.<\/span><\/h3>\n<\/div><div class=\"fusion-clearfix\"><\/div><\/div><\/div><\/div><\/div><div class=\"fusion-fullwidth fullwidth-box fusion-builder-row-2 nonhundred-percent-fullwidth non-hundred-percent-height-scrolling\" style=\"--awb-background-position:left top;--awb-border-radius-top-left:0px;--awb-border-radius-top-right:0px;--awb-border-radius-bottom-right:0px;--awb-border-radius-bottom-left:0px;--awb-padding-top:30px;--awb-padding-bottom:60px;--awb-border-sizes-top:0px;--awb-border-sizes-bottom:0px;--awb-flex-wrap:wrap;\" ><div class=\"fusion-builder-row fusion-row\"><div class=\"fusion-layout-column fusion_builder_column fusion-builder-column-2 fusion_builder_column_1_2 1_2 fusion-one-half fusion-column-first\" style=\"--awb-bg-size:cover;width:48%; margin-right: 4%;\"><div class=\"fusion-column-wrapper fusion-flex-column-wrapper-legacy\"><div class=\"fusion-text fusion-text-3\"><h2><span style=\"color: #ffffff;\">Samos<\/span><\/h2>\n<p>die von Hera gesegnete Insel, brachte viele ber\u00fchmte und bedeutende Personen hervor, wie den Astronomen Aristarchos und den Mathematiker Pythagoras.<br \/>\nIhr\u00a0fruchtbares Land bringt unter anderem den seit der Antike ber\u00fchmten Muskatwein und hochwertiges Oliven\u00f6l hervor.<\/p>\n<\/div><div class=\"fusion-clearfix\"><\/div><\/div><\/div><div class=\"fusion-layout-column fusion_builder_column fusion-builder-column-3 fusion_builder_column_1_2 1_2 fusion-one-half fusion-column-last\" style=\"--awb-bg-size:cover;width:48%;\"><div class=\"fusion-column-wrapper fusion-flex-column-wrapper-legacy\"><div class=\"fusion-text fusion-text-4\"><h2><span style=\"color: #ffffff;\">Kokkari<\/span><\/h2>\n<p><span style=\"color: #ffffff;\">Inmitten dieser unvergleichbaren Landschaft liegt das traditionelle und gesch\u00fctzte Dorf Kokkari.<\/span><\/p>\n<p><span style=\"color: #ffffff;\">Dieser einmalige Ort mit seinem gesch\u00fctzten kleinen Hafen, engen Gassen, traditionellen H\u00e4usern, ausgestreckten Fu\u00dfwegen und ber\u00fchmten Str\u00e4nden &#8211; Lemonakia und Tzamadou &#8211; hei\u00dft Sie herzlich willkommen.<\/span><\/p>\n<\/div><div class=\"fusion-clearfix\"><\/div><\/div><\/div><\/div><\/div><div class=\"fusion-fullwidth fullwidth-box fusion-builder-row-3 nonhundred-percent-fullwidth non-hundred-percent-height-scrolling\" style=\"--awb-background-position:left top;--awb-border-radius-top-left:0px;--awb-border-radius-top-right:0px;--awb-border-radius-bottom-right:0px;--awb-border-radius-bottom-left:0px;--awb-padding-top:60px;--awb-padding-bottom:45px;--awb-background-color:#f0f0ed;--awb-border-sizes-top:0px;--awb-border-sizes-bottom:0px;--awb-flex-wrap:wrap;\" ><div class=\"fusion-builder-row fusion-row\"><div class=\"fusion-layout-column fusion_builder_column fusion-builder-column-4 fusion_builder_column_1_1 1_1 fusion-one-full fusion-column-first fusion-column-last fusion-column-no-min-height\" style=\"--awb-bg-size:cover;--awb-margin-bottom:0px;\"><div class=\"fusion-column-wrapper fusion-flex-column-wrapper-legacy\"><div class=\"fusion-text fusion-text-5\"><h1 style=\"text-align: center;\"><span style=\"color: #000000;\">Unsere Hotels<\/span><\/h1>\n<\/div><div class=\"fusion-sep-clear\"><\/div><div class=\"fusion-separator\" style=\"margin-left: auto;margin-right: auto;margin-bottom:40px;width:100%;max-width:170px;\"><div class=\"fusion-separator-border sep-single sep-solid\" style=\"--awb-height:20px;--awb-amount:20px;--awb-sep-color:#000000;border-color:#000000;border-top-width:1px;\"><\/div><\/div><div class=\"fusion-sep-clear\"><\/div><div class=\"fusion-clearfix\"><\/div><\/div><\/div><div class=\"fusion-layout-column fusion_builder_column fusion-builder-column-5 fusion_builder_column_1_2 1_2 fusion-one-half fusion-column-first\" style=\"--awb-bg-size:cover;width:48%; margin-right: 4%;\"><div class=\"fusion-column-wrapper fusion-flex-column-wrapper-legacy\"><div class=\"fusion-builder-row fusion-builder-row-inner fusion-row\"><div class=\"fusion-layout-column fusion_builder_column_inner fusion-builder-nested-column-0 fusion_builder_column_inner_1_2 1_2 fusion-one-half fusion-column-first\" style=\"--awb-bg-size:cover;width:50%;width:calc(50% - ( ( 4% ) * 0.5 ) );margin-right: 4%;\"><div class=\"fusion-column-wrapper fusion-column-has-shadow fusion-flex-column-wrapper-legacy\"><div class=\"fusion-image-element in-legacy-container\" style=\"--awb-max-width:600px;--awb-caption-title-font-family:var(--h2_typography-font-family);--awb-caption-title-font-weight:var(--h2_typography-font-weight);--awb-caption-title-font-style:var(--h2_typography-font-style);--awb-caption-title-size:var(--h2_typography-font-size);--awb-caption-title-transform:var(--h2_typography-text-transform);--awb-caption-title-line-height:var(--h2_typography-line-height);--awb-caption-title-letter-spacing:var(--h2_typography-letter-spacing);\"><span class=\" fusion-imageframe imageframe-dropshadow imageframe-1 hover-type-none\" style=\"border-radius:50%;-webkit-box-shadow: 6px 6px 10px rgba(0,0,0,0.3);box-shadow: 6px 6px 10px rgba(0,0,0,0.3);\"><a class=\"fusion-no-lightbox\" href=\"https:\/\/www.olympia-hotels.com\/de\/olympia-village\/\" target=\"_self\" aria-label=\"olympiafront\"><img decoding=\"async\" width=\"720\" height=\"720\" src=\"https:\/\/www.olympia-hotels.com\/wp-content\/uploads\/2019\/05\/olympiafront.jpg\" data-orig-src=\"https:\/\/www.olympia-hotels.com\/wp-content\/uploads\/2019\/05\/olympiafront.jpg\" alt class=\"lazyload img-responsive wp-image-1531\" srcset=\"data:image\/svg+xml,%3Csvg%20xmlns%3D%27http%3A%2F%2Fwww.w3.org%2F2000%2Fsvg%27%20width%3D%27720%27%20height%3D%27720%27%20viewBox%3D%270%200%20720%20720%27%3E%3Crect%20width%3D%27720%27%20height%3D%27720%27%20fill-opacity%3D%220%22%2F%3E%3C%2Fsvg%3E\" data-srcset=\"https:\/\/www.olympia-hotels.com\/wp-content\/uploads\/2019\/05\/olympiafront-200x200.jpg 200w, https:\/\/www.olympia-hotels.com\/wp-content\/uploads\/2019\/05\/olympiafront-400x400.jpg 400w, https:\/\/www.olympia-hotels.com\/wp-content\/uploads\/2019\/05\/olympiafront-600x600.jpg 600w, https:\/\/www.olympia-hotels.com\/wp-content\/uploads\/2019\/05\/olympiafront.jpg 720w\" data-sizes=\"auto\" data-orig-sizes=\"(max-width: 800px) 100vw, 600px\" \/><\/a><\/span><\/div><div class=\"fusion-aligncenter\"><a class=\"fusion-button button-flat button-small button-default fusion-button-default button-1 fusion-button-default-span top50\" style=\"--button-border-radius-top-left:0px;--button-border-radius-top-right:0px;--button-border-radius-bottom-right:0px;--button-border-radius-bottom-left:0px;\" target=\"_self\" href=\"https:\/\/www.olympia-hotels.com\/de\/olympia-village\/\"><span class=\"fusion-button-text awb-button__text awb-button__text--default\">Mehr&#8230;<\/span><\/a><\/div><div class=\"fusion-clearfix\"><\/div><\/div><\/div><div class=\"fusion-layout-column fusion_builder_column_inner fusion-builder-nested-column-1 fusion_builder_column_inner_1_2 1_2 fusion-one-half fusion-column-last\" style=\"--awb-bg-size:cover;width:50%;width:calc(50% - ( ( 4% ) * 0.5 ) );\"><div class=\"fusion-column-wrapper fusion-column-has-shadow fusion-flex-column-wrapper-legacy\"><div class=\"fusion-title title fusion-title-1 fusion-title-text fusion-title-size-one\"><h1 class=\"fusion-title-heading title-heading-left\" style=\"margin:0;\"><span style=\"color: #000000;\">Olympia Village<\/span><\/h1><span class=\"awb-title-spacer\"><\/span><div class=\"title-sep-container\"><div class=\"title-sep sep-double sep-solid\" style=\"border-color:#e0dede;\"><\/div><\/div><\/div><div class=\"fusion-text fusion-text-6\"><p><span style=\"color: #000000;\"><strong><span class=\"smallcaps\">D<\/span>as Hotel Olympia Village<\/strong>\u00a0befindet sich im bekannten und malerischen Kokkari von Samos, nur ein paar Meter entfernt vom kristallklaren Wasser des Hauptstrandes des Dorfes.<\/span><br \/>\n<span style=\"color: #000000;\">Seine sechs Geb\u00e4ude sind gem\u00e4\u00df der architektonischen und kulturellen Elemente von Samos errichtet worden. Sie sind in zweiundzwanzig zweir\u00e4umige, klimatisierte Wohneinheiten unterteilt und liegen innerhalb eines liebevoll eingerichteten und gepflegten Gartens mit Bougainvilleen, Palmen und Akazien.<\/span><\/p>\n<p><span style=\"color: #000000;\"><strong><span class=\"smallcaps\">I<\/span>m<\/strong>\u00a0Hauptgeb\u00e4ude des Komplexes mit seiner eleganten Innendekoration treffen Sie auf die Rezeption, ein Info-Center f\u00fcr die G\u00e4ste und im Aufenthaltsraum auf einen Fernseher mit Satelliten-Empfang an. Dort k\u00f6nnen Sie sich alle griechischen Sender, aber auch eine gro\u00dfe Anzahl ausl\u00e4ndischer ansehen.<\/span><\/p>\n<\/div><div class=\"fusion-clearfix\"><\/div><\/div><\/div><\/div><div class=\"fusion-clearfix\"><\/div><\/div><\/div><div class=\"fusion-layout-column fusion_builder_column fusion-builder-column-6 fusion_builder_column_1_2 1_2 fusion-one-half fusion-column-last\" style=\"--awb-bg-size:cover;width:48%;\"><div class=\"fusion-column-wrapper fusion-flex-column-wrapper-legacy\"><div class=\"fusion-builder-row fusion-builder-row-inner fusion-row\"><div class=\"fusion-layout-column fusion_builder_column_inner fusion-builder-nested-column-2 fusion_builder_column_inner_1_2 1_2 fusion-one-half fusion-column-first\" style=\"--awb-bg-size:cover;width:50%;width:calc(50% - ( ( 4% ) * 0.5 ) );margin-right: 4%;\"><div class=\"fusion-column-wrapper fusion-column-has-shadow fusion-flex-column-wrapper-legacy\"><div class=\"fusion-image-element in-legacy-container\" style=\"--awb-max-width:600px;--awb-caption-title-font-family:var(--h2_typography-font-family);--awb-caption-title-font-weight:var(--h2_typography-font-weight);--awb-caption-title-font-style:var(--h2_typography-font-style);--awb-caption-title-size:var(--h2_typography-font-size);--awb-caption-title-transform:var(--h2_typography-text-transform);--awb-caption-title-line-height:var(--h2_typography-line-height);--awb-caption-title-letter-spacing:var(--h2_typography-letter-spacing);\"><span class=\" fusion-imageframe imageframe-dropshadow imageframe-2 hover-type-none\" style=\"border-radius:50%;-webkit-box-shadow: 3px 3px 7px rgba(0,0,0,0.3);box-shadow: 3px 3px 7px rgba(0,0,0,0.3);\"><a class=\"fusion-no-lightbox\" href=\"https:\/\/www.olympia-hotels.com\/de\/olympia-beach\/\" target=\"_self\" aria-label=\"olympiabeachfront\"><img decoding=\"async\" width=\"706\" height=\"706\" src=\"https:\/\/www.olympia-hotels.com\/wp-content\/uploads\/2019\/05\/olympiabeachfront.jpg\" data-orig-src=\"https:\/\/www.olympia-hotels.com\/wp-content\/uploads\/2019\/05\/olympiabeachfront.jpg\" alt class=\"lazyload img-responsive wp-image-1516\" srcset=\"data:image\/svg+xml,%3Csvg%20xmlns%3D%27http%3A%2F%2Fwww.w3.org%2F2000%2Fsvg%27%20width%3D%27706%27%20height%3D%27706%27%20viewBox%3D%270%200%20706%20706%27%3E%3Crect%20width%3D%27706%27%20height%3D%27706%27%20fill-opacity%3D%220%22%2F%3E%3C%2Fsvg%3E\" data-srcset=\"https:\/\/www.olympia-hotels.com\/wp-content\/uploads\/2019\/05\/olympiabeachfront-200x200.jpg 200w, https:\/\/www.olympia-hotels.com\/wp-content\/uploads\/2019\/05\/olympiabeachfront-400x400.jpg 400w, https:\/\/www.olympia-hotels.com\/wp-content\/uploads\/2019\/05\/olympiabeachfront-600x600.jpg 600w, https:\/\/www.olympia-hotels.com\/wp-content\/uploads\/2019\/05\/olympiabeachfront.jpg 706w\" data-sizes=\"auto\" data-orig-sizes=\"(max-width: 800px) 100vw, 600px\" \/><\/a><\/span><\/div><div class=\"fusion-aligncenter\"><a class=\"fusion-button button-flat button-small button-default fusion-button-default button-2 fusion-button-default-span top50\" style=\"--button-border-radius-top-left:0px;--button-border-radius-top-right:0px;--button-border-radius-bottom-right:0px;--button-border-radius-bottom-left:0px;\" target=\"_self\" href=\"https:\/\/www.olympia-hotels.com\/de\/olympia-beach\/\"><span class=\"fusion-button-text awb-button__text awb-button__text--default\">Mehr&#8230;<\/span><\/a><\/div><div class=\"fusion-clearfix\"><\/div><\/div><\/div><div class=\"fusion-layout-column fusion_builder_column_inner fusion-builder-nested-column-3 fusion_builder_column_inner_1_2 1_2 fusion-one-half fusion-column-last\" style=\"--awb-bg-size:cover;width:50%;width:calc(50% - ( ( 4% ) * 0.5 ) );\"><div class=\"fusion-column-wrapper fusion-column-has-shadow fusion-flex-column-wrapper-legacy\"><div class=\"fusion-title title fusion-title-2 fusion-title-text fusion-title-size-one\"><h1 class=\"fusion-title-heading title-heading-left\" style=\"margin:0;\"><span style=\"color: #000000;\">Olympia Beach<\/span><\/h1><span class=\"awb-title-spacer\"><\/span><div class=\"title-sep-container\"><div class=\"title-sep sep-double sep-solid\" style=\"border-color:#e0dede;\"><\/div><\/div><\/div><div class=\"fusion-text fusion-text-7\"><p><span style=\"color: #000000;\"><strong><span class=\"smallcaps\">D<\/span>as<\/strong>\u00a0Hotel Olympia Beach befindet sich direkt am Strand des bekannten und malerischen Kokkari.<\/span><br \/>\n<span style=\"color: #000000;\">Es ist ein zweist\u00f6ckiges Hotel, dass gem\u00e4\u00df der architektonischen und kulturellen Elemente von Samos errichtet worden ist.<\/span><\/p>\n<p><span style=\"color: #000000;\"><strong><span class=\"smallcaps\">D<\/span>ie<\/strong>\u00a0zw\u00f6lf Zimmer verf\u00fcgen \u00fcber Bad, F\u00f6n, zwei Musikkan\u00e4le und Telefon.<\/span><br \/>\n<span style=\"color: #000000;\">Auf t\u00e4glicher Basis erfolgt das Saubermachen und der Wechsel der Bez\u00fcge, Handt\u00fccher u.s.w.<\/span><\/p>\n<p><span style=\"color: #000000;\"><strong><span class=\"smallcaps\">A<\/span>lle<\/strong>\u00a0Zimmer haben einen Balkon mit unbeschr\u00e4nktem Blick auf die blaue \u00c4g\u00e4is.<\/span><br \/>\n<span style=\"color: #000000;\">Im Winter 2002\/03 ist das Hotel gr\u00fcndlich renoviert worden, um den Anspr\u00fcchen seiner internationalen G\u00e4ste noch besser gerecht werden zu k\u00f6nnen.<\/span><\/p>\n<\/div><div class=\"fusion-clearfix\"><\/div><\/div><\/div><\/div><div class=\"fusion-clearfix\"><\/div><\/div><\/div><div class=\"fusion-layout-column fusion_builder_column fusion-builder-column-7 fusion_builder_column_1_1 1_1 fusion-one-full fusion-column-first fusion-column-last fusion-column-no-min-height\" style=\"--awb-bg-size:cover;--awb-margin-bottom:0px;\"><div class=\"fusion-column-wrapper fusion-flex-column-wrapper-legacy\"><div class=\"fusion-sep-clear\"><\/div><div class=\"fusion-separator fusion-full-width-sep\" style=\"margin-left: auto;margin-right: auto;margin-top:20px;width:100%;max-width:100%;\"><\/div><div class=\"fusion-sep-clear\"><\/div><div class=\"fusion-clearfix\"><\/div><\/div><\/div><\/div><\/div><div class=\"fusion-fullwidth fullwidth-box fusion-builder-row-4 nonhundred-percent-fullwidth non-hundred-percent-height-scrolling\" style=\"--awb-background-position:left top;--awb-border-radius-top-left:0px;--awb-border-radius-top-right:0px;--awb-border-radius-bottom-right:0px;--awb-border-radius-bottom-left:0px;--awb-padding-top:65px;--awb-padding-bottom:65px;--awb-background-color:#ffffff;--awb-border-sizes-top:0px;--awb-border-sizes-bottom:0px;--awb-flex-wrap:wrap;\" ><div class=\"fusion-builder-row fusion-row\"><div class=\"fusion-layout-column fusion_builder_column fusion-builder-column-8 fusion_builder_column_1_1 1_1 fusion-one-full fusion-column-first fusion-column-last fusion-column-no-min-height\" style=\"--awb-bg-size:cover;--awb-margin-bottom:0px;\"><div class=\"fusion-column-wrapper fusion-flex-column-wrapper-legacy\"><div class=\"fusion-aligncenter\"><a class=\"fusion-button button-3d button-xlarge button-default fusion-button-default button-3 fusion-button-default-span \" style=\"--button-border-radius-top-left:4px;--button-border-radius-top-right:4px;--button-border-radius-bottom-right:4px;--button-border-radius-bottom-left:4px;\" target=\"_self\" href=\"https:\/\/www.olympia-hotels.com\/de\/kontakt\/\"><span class=\"fusion-button-text awb-button__text awb-button__text--default\">Kontaktieren Sie uns<\/span><\/a><\/div><div class=\"fusion-clearfix\"><\/div><\/div><\/div><\/div><\/div><\/p>\n","protected":false},"excerpt":{"rendered":"","protected":false},"author":1,"featured_media":0,"parent":0,"menu_order":0,"comment_status":"closed","ping_status":"open","template":"100-width.php","meta":{"footnotes":""},"class_list":["post-1773","page","type-page","status-publish","hentry"],"yoast_head":"<!-- This site is optimized with the Yoast SEO plugin v26.6 - https:\/\/yoast.com\/wordpress\/plugins\/seo\/ -->\n<title>Home - Olympia Hotels<\/title>\n<meta name=\"robots\" content=\"index, follow, max-snippet:-1, max-image-preview:large, max-video-preview:-1\" \/>\n<link rel=\"canonical\" href=\"https:\/\/www.olympia-hotels.com\/de\/\" \/>\n<meta property=\"og:locale\" content=\"de_DE\" \/>\n<meta property=\"og:type\" content=\"article\" \/>\n<meta property=\"og:title\" content=\"Home - Olympia Hotels\" \/>\n<meta property=\"og:url\" content=\"https:\/\/www.olympia-hotels.com\/de\/\" \/>\n<meta property=\"og:site_name\" content=\"Olympia Hotels\" \/>\n<meta property=\"article:modified_time\" content=\"2019-05-26T16:50:14+00:00\" \/>\n<meta name=\"twitter:card\" content=\"summary_large_image\" \/>\n<meta name=\"twitter:label1\" content=\"Gesch\u00e4tzte Lesezeit\" \/>\n\t<meta name=\"twitter:data1\" content=\"13\u00a0Minuten\" \/>\n<script type=\"application\/ld+json\" class=\"yoast-schema-graph\">{\"@context\":\"https:\/\/schema.org\",\"@graph\":[{\"@type\":\"WebPage\",\"@id\":\"https:\/\/www.olympia-hotels.com\/de\/\",\"url\":\"https:\/\/www.olympia-hotels.com\/de\/\",\"name\":\"Home - Olympia Hotels\",\"isPartOf\":{\"@id\":\"https:\/\/www.olympia-hotels.com\/#website\"},\"datePublished\":\"2019-05-26T13:34:45+00:00\",\"dateModified\":\"2019-05-26T16:50:14+00:00\",\"breadcrumb\":{\"@id\":\"https:\/\/www.olympia-hotels.com\/de\/#breadcrumb\"},\"inLanguage\":\"de\",\"potentialAction\":[{\"@type\":\"ReadAction\",\"target\":[\"https:\/\/www.olympia-hotels.com\/de\/\"]}]},{\"@type\":\"BreadcrumbList\",\"@id\":\"https:\/\/www.olympia-hotels.com\/de\/#breadcrumb\",\"itemListElement\":[{\"@type\":\"ListItem\",\"position\":1,\"name\":\"Home\",\"item\":\"https:\/\/www.olympia-hotels.com\/de\/\"},{\"@type\":\"ListItem\",\"position\":2,\"name\":\"Home\"}]},{\"@type\":\"WebSite\",\"@id\":\"https:\/\/www.olympia-hotels.com\/#website\",\"url\":\"https:\/\/www.olympia-hotels.com\/\",\"name\":\"Olympia Hotels\",\"description\":\"Your Home in Kokkari, Samos - Greece\",\"publisher\":{\"@id\":\"https:\/\/www.olympia-hotels.com\/#organization\"},\"potentialAction\":[{\"@type\":\"SearchAction\",\"target\":{\"@type\":\"EntryPoint\",\"urlTemplate\":\"https:\/\/www.olympia-hotels.com\/?s={search_term_string}\"},\"query-input\":{\"@type\":\"PropertyValueSpecification\",\"valueRequired\":true,\"valueName\":\"search_term_string\"}}],\"inLanguage\":\"de\"},{\"@type\":\"Organization\",\"@id\":\"https:\/\/www.olympia-hotels.com\/#organization\",\"name\":\"olympia A.E.X.T.E\",\"url\":\"https:\/\/www.olympia-hotels.com\/\",\"logo\":{\"@type\":\"ImageObject\",\"inLanguage\":\"de\",\"@id\":\"https:\/\/www.olympia-hotels.com\/#\/schema\/logo\/image\/\",\"url\":\"https:\/\/www.olympia-hotels.com\/wp-content\/uploads\/2017\/10\/sun.png\",\"contentUrl\":\"https:\/\/www.olympia-hotels.com\/wp-content\/uploads\/2017\/10\/sun.png\",\"width\":132,\"height\":132,\"caption\":\"olympia A.E.X.T.E\"},\"image\":{\"@id\":\"https:\/\/www.olympia-hotels.com\/#\/schema\/logo\/image\/\"}}]}<\/script>\n<!-- \/ Yoast SEO plugin. -->","yoast_head_json":{"title":"Home - Olympia Hotels","robots":{"index":"index","follow":"follow","max-snippet":"max-snippet:-1","max-image-preview":"max-image-preview:large","max-video-preview":"max-video-preview:-1"},"canonical":"https:\/\/www.olympia-hotels.com\/de\/","og_locale":"de_DE","og_type":"article","og_title":"Home - Olympia Hotels","og_url":"https:\/\/www.olympia-hotels.com\/de\/","og_site_name":"Olympia Hotels","article_modified_time":"2019-05-26T16:50:14+00:00","twitter_card":"summary_large_image","twitter_misc":{"Gesch\u00e4tzte Lesezeit":"13\u00a0Minuten"},"schema":{"@context":"https:\/\/schema.org","@graph":[{"@type":"WebPage","@id":"https:\/\/www.olympia-hotels.com\/de\/","url":"https:\/\/www.olympia-hotels.com\/de\/","name":"Home - Olympia Hotels","isPartOf":{"@id":"https:\/\/www.olympia-hotels.com\/#website"},"datePublished":"2019-05-26T13:34:45+00:00","dateModified":"2019-05-26T16:50:14+00:00","breadcrumb":{"@id":"https:\/\/www.olympia-hotels.com\/de\/#breadcrumb"},"inLanguage":"de","potentialAction":[{"@type":"ReadAction","target":["https:\/\/www.olympia-hotels.com\/de\/"]}]},{"@type":"BreadcrumbList","@id":"https:\/\/www.olympia-hotels.com\/de\/#breadcrumb","itemListElement":[{"@type":"ListItem","position":1,"name":"Home","item":"https:\/\/www.olympia-hotels.com\/de\/"},{"@type":"ListItem","position":2,"name":"Home"}]},{"@type":"WebSite","@id":"https:\/\/www.olympia-hotels.com\/#website","url":"https:\/\/www.olympia-hotels.com\/","name":"Olympia Hotels","description":"Your Home in Kokkari, Samos - Greece","publisher":{"@id":"https:\/\/www.olympia-hotels.com\/#organization"},"potentialAction":[{"@type":"SearchAction","target":{"@type":"EntryPoint","urlTemplate":"https:\/\/www.olympia-hotels.com\/?s={search_term_string}"},"query-input":{"@type":"PropertyValueSpecification","valueRequired":true,"valueName":"search_term_string"}}],"inLanguage":"de"},{"@type":"Organization","@id":"https:\/\/www.olympia-hotels.com\/#organization","name":"olympia A.E.X.T.E","url":"https:\/\/www.olympia-hotels.com\/","logo":{"@type":"ImageObject","inLanguage":"de","@id":"https:\/\/www.olympia-hotels.com\/#\/schema\/logo\/image\/","url":"https:\/\/www.olympia-hotels.com\/wp-content\/uploads\/2017\/10\/sun.png","contentUrl":"https:\/\/www.olympia-hotels.com\/wp-content\/uploads\/2017\/10\/sun.png","width":132,"height":132,"caption":"olympia A.E.X.T.E"},"image":{"@id":"https:\/\/www.olympia-hotels.com\/#\/schema\/logo\/image\/"}}]}},"_links":{"self":[{"href":"https:\/\/www.olympia-hotels.com\/de\/wp-json\/wp\/v2\/pages\/1773","targetHints":{"allow":["GET"]}}],"collection":[{"href":"https:\/\/www.olympia-hotels.com\/de\/wp-json\/wp\/v2\/pages"}],"about":[{"href":"https:\/\/www.olympia-hotels.com\/de\/wp-json\/wp\/v2\/types\/page"}],"author":[{"embeddable":true,"href":"https:\/\/www.olympia-hotels.com\/de\/wp-json\/wp\/v2\/users\/1"}],"replies":[{"embeddable":true,"href":"https:\/\/www.olympia-hotels.com\/de\/wp-json\/wp\/v2\/comments?post=1773"}],"version-history":[{"count":4,"href":"https:\/\/www.olympia-hotels.com\/de\/wp-json\/wp\/v2\/pages\/1773\/revisions"}],"predecessor-version":[{"id":1966,"href":"https:\/\/www.olympia-hotels.com\/de\/wp-json\/wp\/v2\/pages\/1773\/revisions\/1966"}],"wp:attachment":[{"href":"https:\/\/www.olympia-hotels.com\/de\/wp-json\/wp\/v2\/media?parent=1773"}],"curies":[{"name":"wp","href":"https:\/\/api.w.org\/{rel}","templated":true}]}}