{"id":1953,"date":"2019-05-26T15:54:45","date_gmt":"2019-05-26T15:54:45","guid":{"rendered":"https:\/\/new.olympia-hotels.com\/activities\/"},"modified":"2019-05-26T15:54:46","modified_gmt":"2019-05-26T15:54:46","slug":"activities","status":"publish","type":"page","link":"https:\/\/www.olympia-hotels.com\/de\/activities\/","title":{"rendered":"Activities"},"content":{"rendered":"<div class=\"fusion-fullwidth fullwidth-box fusion-builder-row-1 hundred-percent-fullwidth non-hundred-percent-height-scrolling\" style=\"--awb-background-position:left top;--awb-border-radius-top-left:0px;--awb-border-radius-top-right:0px;--awb-border-radius-bottom-right:0px;--awb-border-radius-bottom-left:0px;--awb-padding-top:110px;--awb-padding-bottom:25px;--awb-background-color:#f0f0ed;--awb-border-sizes-top:0px;--awb-border-sizes-bottom:0px;--awb-flex-wrap:wrap;\" ><div class=\"fusion-builder-row fusion-row\"><div class=\"fusion-layout-column fusion_builder_column fusion-builder-column-0 fusion_builder_column_1_1 1_1 fusion-one-full fusion-column-first fusion-column-last\" style=\"--awb-bg-size:cover;\"><div class=\"fusion-column-wrapper fusion-column-has-shadow fusion-flex-column-wrapper-legacy\"><div class=\"fusion-column-content-centered\"><div class=\"fusion-column-content\"><div class=\"fusion-flip-boxes flip-boxes row fusion-columns-4 flip-effect-classic equal-heights activitiesblock\" style=\"--awb-flip-duration:0.4s;\"><div class=\"fusion-flip-box-wrapper fusion-column col-lg-3 col-md-3 col-sm-3\"><div class=\"fusion-flip-box flip-left\" tabindex=\"0\"><div class=\"flip-box-inner-wrapper\"><div class=\"flip-box-front\" style=\"--awb-title-front-color:#ffffff;--awb-background-image-front:url(&#039;https:\/\/www.olympia-hotels.com\/wp-content\/uploads\/2019\/05\/4x4lemonakia.jpg&#039;);\"><div class=\"flip-box-front-inner\"><h2 class=\"flip-box-heading without-text\">Str\u00e4nde<\/h2><\/div><\/div><div class=\"flip-box-back\" style=\"--awb-background-color-back:#01548c;\"><div class=\"flip-box-back-inner\"><h3 class=\"flip-box-heading-back\">Str\u00e4nde<\/h3>\n<p>Das Dorf Kokkari bietet drei wundersch\u00f6ne, gesch\u00fctzte Str\u00e4nde:<br \/>\nDen Dorfstrand un die beiden Lemonakia des Dorfes.<\/p>\n<div id=\"beaches\">Dar\u00fcberhinaus liegen drei der besten Str\u00e4nde der Insel westlich des Dorfes: Lemonakia, Tsamadou und Tsabou.<br \/>\nDiese k\u00f6nnen alle leicht zu Fu\u00df oder mit dem Auto erreicht werden, ausserdem mit einer regelm\u00e4\u00dfigen Busverbindung.<\/div>\n<\/div><\/div><\/div><\/div><\/div><div class=\"fusion-flip-box-wrapper fusion-column col-lg-3 col-md-3 col-sm-3\"><div class=\"fusion-flip-box flip-left\" tabindex=\"0\"><div class=\"flip-box-inner-wrapper\"><div class=\"flip-box-front\" style=\"--awb-title-front-color:#ffffff;--awb-background-image-front:url(&#039;https:\/\/www.olympia-hotels.com\/wp-content\/uploads\/2019\/05\/4x4kajak.jpg&#039;);\"><div class=\"flip-box-front-inner\"><h2 class=\"flip-box-heading without-text\">Sea Kayak<\/h2><\/div><\/div><div class=\"flip-box-back\" style=\"--awb-background-color-back:#01548c;\"><div class=\"flip-box-back-inner\"><h3 class=\"flip-box-heading-back\">Sea Kayak<\/h3>\n<div id=\"kayak\">Es ist bekannt, da\u00df es keine sch\u00f6nere Art gibt, die beeindruckende K\u00fcste von Samos mit seinen versteckten Str\u00e4nden und imposanten Kliffs zu entdecken als mit dem Hochseekajak.<br \/>\nSicher, stabil und auch f\u00fcr sehr flache Gew\u00e4sser geeignet, ist das Hochseekajak f\u00fcr offene Buchten wie auch die inseltypischen, engen Fjorde gleicherma\u00dfen gut zu gebrauchen.<\/div>\n<div>\nHochseekajaks ziehen Jung und Alt gleicherma\u00dfen an, sei es f\u00fcr einen ganzen Tagesausflug oder eine kurze Paddeltour. So kann die Fahrt, ganz wie Sie (und das Wetter) wollen, entweder friedlich oder ersch\u00f6pfend sein.<br \/>\nStill und nah am Wasser erschlie\u00dft sich die richtige Atmosph\u00e4re f\u00fcr Entdeckungen, Abenteuer und Entspannung.Das rhythmische Ger\u00e4usch der Paddel, das Klatschen der Wellen an den Bug des Kayak, all dies erzeugt das Gef\u00fchl, eins mit dem Meer zu sein.<\/p>\n<p>Selbst wenn Sie \u00fcber gr\u00f6\u00dfere Distanzen gegen den Wind ank\u00e4mpfen &#8211; nie wird Sie ein Gedanke an den Stress der &#8218;realen Welt&#8216; befallen..<\/p>\n<\/div>\n<\/div><\/div><\/div><\/div><\/div><div class=\"fusion-flip-box-wrapper fusion-column col-lg-3 col-md-3 col-sm-3\"><div class=\"fusion-flip-box flip-left\" tabindex=\"0\"><div class=\"flip-box-inner-wrapper\"><div class=\"flip-box-front\" style=\"--awb-title-front-color:#ffffff;--awb-background-image-front:url(&#039;https:\/\/www.olympia-hotels.com\/wp-content\/uploads\/2019\/05\/4x4trekking.jpg&#039;);\"><div class=\"flip-box-front-inner\"><h2 class=\"flip-box-heading without-text\">Wandern &amp; Trekking<\/h2><\/div><\/div><div class=\"flip-box-back\" style=\"--awb-background-color-back:#01548c;\"><div class=\"flip-box-back-inner\"><h3 class=\"flip-box-heading-back\">Wandern &amp; Trekking<\/h3>\n<div id=\"trekking\">\n<p>Die beeindruckende Nordk\u00fcste um Kokkari &#8211; bei weitem die attraktivste der Insel &#8211; wird zum S\u00fcden begrenzt von einem Schiefergebirge, das im Fr\u00fchjahr blumenbedeckt ist.<br \/>\nSie hat eines der gr\u00f6\u00dften Netze von Wanderwegen aller griechischen Inseln, wo man auch im Sommer viel Schatten beim Wandern bekommt.<br \/>\nEs gibt 28 Wanderrouten, die Kokkari als Startpunkt haben, mit einer Dauer von einer Stunde bis zu einem ganzen Tag. Diese Wanderungen bieten eine einmalige Gelegenheit, die reiche Flora und Fauna der Insel zu studieren.<\/p>\n<p>Olympia Hotels empfiehlt den Wanderf\u00fchrer &#8218;Walks in the Kokkari Area of Samos&#8216;, den Sie in Kokkari erhalten.<\/p>\n<\/div>\n<\/div><\/div><\/div><\/div><\/div><div class=\"fusion-flip-box-wrapper fusion-column col-lg-3 col-md-3 col-sm-3\"><div class=\"fusion-flip-box flip-left\" tabindex=\"0\"><div class=\"flip-box-inner-wrapper\"><div class=\"flip-box-front\" style=\"--awb-title-front-color:#ffffff;--awb-background-image-front:url(&#039;https:\/\/www.olympia-hotels.com\/wp-content\/uploads\/2019\/05\/4x4windsurfing-1553082742qTt.jpg&#039;);\"><div class=\"flip-box-front-inner\"><h2 class=\"flip-box-heading without-text\">Windsurfing<\/h2><\/div><\/div><div class=\"flip-box-back\" style=\"--awb-background-color-back:#01548c;\"><div class=\"flip-box-back-inner\"><h3 class=\"flip-box-heading-back\">Windsurfing<\/h3>\n<div id=\"windsurfing\">\nKokkari wird von Windsurfern und Fachzeitschriften f\u00fcr eines der besten 5 Reviere in Griechenland gehalten.<br \/>\nEs gibt ein Windsurfing-Zentrum 500 Meter vom Hotel Olympia Beach entfernt, wo es Kurse aller Schwierigkeitsstufen und Ger\u00e4teverleih gibt.<br \/>\nDas Zentrum verf\u00fcgt \u00fcber neueste F2-Boards mit Neil Pryde Segeln und eine Grasfl\u00e4che zum Aufbau.<br \/>\nJeden Sommer finden Windsurfwettbewerbe unter gro\u00dfer nationaler und internationaler Beteiligung statt.<\/p>\n<p>Olympia Hotels bieten Lagerung und Flughafentransfer f\u00fcr Ihr Ger\u00e4t.<\/p>\n<p>Kokkari wird von Windsurfern und Fachzeitschriften f\u00fcr eines der besten 5 Reviere in Griechenland gehalten.<br \/>\nEs gibt ein Windsurfing-Zentrum 500 Meter vom Hotel Olympia Beach entfernt, wo es Kurse aller Schwierigkeitsstufen und Ger\u00e4teverleih gibt.<br \/>\nDas Zentrum verf\u00fcgt \u00fcber neueste F2-Boards mit Neil Pryde Segeln und eine Grasfl\u00e4che zum Aufbau.<br \/>\nJeden Sommer finden Windsurfwettbewerbe unter gro\u00dfer nationaler und internationaler Beteiligung statt.<\/p>\n<p>Olympia Hotels bieten Lagerung und Flughafentransfer f\u00fcr Ihr Ger\u00e4t.<\/p>\n<\/div>\n<\/div><\/div><\/div><\/div><\/div><div class=\"fusion-flip-box-wrapper fusion-column col-lg-3 col-md-3 col-sm-3\"><div class=\"fusion-flip-box flip-left\" tabindex=\"0\"><div class=\"flip-box-inner-wrapper\"><div class=\"flip-box-front\" style=\"--awb-title-front-color:#ffffff;--awb-background-image-front:url(&#039;https:\/\/www.olympia-hotels.com\/wp-content\/uploads\/2019\/05\/4x4mbike.jpg&#039;);\"><div class=\"flip-box-front-inner\"><h2 class=\"flip-box-heading without-text\">Mountain Biking<\/h2><\/div><\/div><div class=\"flip-box-back\" style=\"--awb-background-color-back:#01548c;\"><div class=\"flip-box-back-inner\"><h3 class=\"flip-box-heading-back\">Mountain Biking<\/h3>\n<p>Kokkari offers easy going mountain biking tours for fun riders or novices, to dramatic biking tours for the professionals, starting from the sea level and ending up to Karvounis mountain highest tops.<\/p>\n<div id=\"biking\">\n<p>Mountain biking races are organised every summer, having Kokkari as the starting and finishing point, by the Prefecture of Samos and Samos Sports Authority<br \/>\nHelmet and mountain bike rentals are available in a variety of Places in Kokkari. Olympia Hotels recommend Easy Rider Rentals and The Wind Surfing Centre rentals.<\/p>\n<p><b>Olympia Hotels<\/b>\u00a0offer storage and airport transfers of equipment.<\/p>\n<\/div>\n<\/div><\/div><\/div><\/div><\/div><div class=\"fusion-flip-box-wrapper fusion-column col-lg-3 col-md-3 col-sm-3\"><div class=\"fusion-flip-box flip-left\" tabindex=\"0\"><div class=\"flip-box-inner-wrapper\"><div class=\"flip-box-front\" style=\"--awb-title-front-color:#ffffff;--awb-background-image-front:url(&#039;https:\/\/www.olympia-hotels.com\/wp-content\/uploads\/2019\/05\/4x4snorkl1.jpg&#039;);\"><div class=\"flip-box-front-inner\"><h2 class=\"flip-box-heading without-text\">Schnorcheln<\/h2><\/div><\/div><div class=\"flip-box-back\" style=\"--awb-background-color-back:#01548c;\"><div class=\"flip-box-back-inner\"><h3 class=\"flip-box-heading-back\">Schnorcheln<\/h3>\n<div id=\"diving\">Samos ist ber\u00fchmt f\u00fcr die Klarheit seines t\u00fcrkisen Wassers, das Schnorchlern bis 30 Metern Sichtweite erlaubt.<\/div>\n<div>\nWer die Unterwasserwelt von Samos erkundet, findet einen farbenpr\u00e4chtigen Grund vor, bedeckt mit Schw\u00e4mmen, allen Arten von Muscheln, Seesternen, Seeigeln und allen anderen typischen Meereslebewesen des \u00f6stlichen Mittelmeeres.<br \/>\nEs ist nicht ungew\u00f6hnlich, Delphinen oder sogar M\u00f6nchsrobben im tieferen Wasser oder in abgelegenen Buchten und H\u00f6hlen zu begegnen.<\/div>\n<\/div><\/div><\/div><\/div><\/div><div class=\"fusion-flip-box-wrapper fusion-column col-lg-3 col-md-3 col-sm-3\"><div class=\"fusion-flip-box flip-left\" tabindex=\"0\"><div class=\"flip-box-inner-wrapper\"><div class=\"flip-box-front\" style=\"--awb-title-front-color:#ffffff;--awb-background-image-front:url(&#039;https:\/\/www.olympia-hotels.com\/wp-content\/uploads\/2019\/05\/4x4climbing.jpg&#039;);\"><div class=\"flip-box-front-inner\"><h2 class=\"flip-box-heading without-text\">Climbing<\/h2><\/div><\/div><div class=\"flip-box-back\" style=\"--awb-background-color-back:#01548c;\"><div class=\"flip-box-back-inner\"><h3 class=\"flip-box-heading-back\">Climbing<\/h3>\n<div id=\"climbing\">\n<p>Dank seiner Berge gilt Samos als eine der besten Inseln f\u00fcr das Klettern in der gesamten \u00c4g\u00e4is. Klettern ist ein inspirierender, herausfordernder Fun Sport f\u00fcr alle Altersgruppen.<br \/>\nEs bietet Ganzk\u00f6rper- wie auch geistiges Training, erh\u00f6ht die Beweglichkeit, Gleichgewichtssinn, Koordination und befreit von Stress, w\u00e4hrend man gleichzeitig einfach eine sch\u00f6ne Zeit hat.<br \/>\nKlettern als organisierter Sport existiert erst seit einigen Jahren auf der Insel, so da\u00df es noch viele unerforschte Routen und Orte gibt.<br \/>\nZur Zeit gibt es offizielle Routen bei Potami, beim Kloster Zoodochos Pigi, am Berg Kerkis und bei Pythagorion.<br \/>\nAlle Wege sind deutlich von der Trekking Association of Samos gekennzeichnet.<\/p>\n<\/div>\n<\/div><\/div><\/div><\/div><\/div><div class=\"fusion-flip-box-wrapper fusion-column col-lg-3 col-md-3 col-sm-3\"><div class=\"fusion-flip-box flip-left\" tabindex=\"0\"><div class=\"flip-box-inner-wrapper\"><div class=\"flip-box-front\" style=\"--awb-title-front-color:#ffffff;--awb-background-image-front:url(&#039;https:\/\/www.olympia-hotels.com\/wp-content\/uploads\/2019\/05\/4x4ireon.jpg&#039;);\"><div class=\"flip-box-front-inner\"><h2 class=\"flip-box-heading without-text\">Kultur<\/h2><\/div><\/div><div class=\"flip-box-back\" style=\"--awb-background-color-back:#01548c;\"><div class=\"flip-box-back-inner\"><h3 class=\"flip-box-heading-back\">Kultur<\/h3>\n<div id=\"culture\">\nDer antike Hafen von Pythagorion und der Heratempel sind zum Weltkulturerbe der UNESCO erkl\u00e4rt worden.<br \/>\nDie arch\u00e4ologischen Museen von Samos und Pythagorion beherbergen einmalige Kunstwerke der antiken Geschichte von Samos.<br \/>\nDas byzantinische Museum in Samos Stadt bietet eine Sammlung byzantinischer und religi\u00f6ser St\u00fccke; andere Museum sind das der Naturgeschichte in Mytilini und die Folkloremuseen in Samos Stadt und Karlovassi.\n<\/div>\n<\/div><\/div><\/div><\/div><\/div><div class=\"fusion-flip-box-wrapper fusion-column col-lg-3 col-md-3 col-sm-3\"><div class=\"fusion-flip-box flip-left\" tabindex=\"0\"><div class=\"flip-box-inner-wrapper\"><div class=\"flip-box-front\" style=\"--awb-title-front-color:#ffffff;--awb-background-image-front:url(&#039;https:\/\/www.olympia-hotels.com\/wp-content\/uploads\/2019\/05\/4x4boattrips.jpg&#039;);\"><div class=\"flip-box-front-inner\"><h2 class=\"flip-box-heading without-text\">Bootsausfl\u00fcge<\/h2><\/div><\/div><div class=\"flip-box-back\" style=\"--awb-background-color-back:#01548c;\"><div class=\"flip-box-back-inner\"><h3 class=\"flip-box-heading-back\">Bootsausfl\u00fcge<\/h3>\n<p>Samos kann als Ausgangspunkt zum Besuch zweier L\u00e4nder und f\u00fcnf Inseln dienen!<br \/>\nEs gibt t\u00e4gliche Ausfl\u00fcge, die Samos mit der kleinasiatischen K\u00fcste der T\u00fcrkei und der antiken Stadt von Ephesus verbinden.<br \/>\nEs gibt t\u00e4gliche Verbindungen zur heiligen Insel Patmos, dem Jerusalem der \u00c4g\u00e4is, wo der heilige Johannes die Apokalypse schrieb.<br \/>\nWeitere gut erreichbare Inseln sind Ikaria, die Inselgruppe von Fourni und Kos.<\/p>\n<\/div><\/div><\/div><\/div><\/div><div class=\"fusion-flip-box-wrapper fusion-column col-lg-3 col-md-3 col-sm-3\"><div class=\"fusion-flip-box flip-left\" tabindex=\"0\"><div class=\"flip-box-inner-wrapper\"><div class=\"flip-box-front\" style=\"--awb-title-front-color:#ffffff;--awb-background-image-front:url(&#039;https:\/\/www.olympia-hotels.com\/wp-content\/uploads\/2019\/05\/4x4diving.jpg&#039;);\"><div class=\"flip-box-front-inner\"><h2 class=\"flip-box-heading without-text\">Ger\u00e4tetauchen<\/h2><\/div><\/div><div class=\"flip-box-back\" style=\"--awb-background-color-back:#01548c;\"><div class=\"flip-box-back-inner\"><h3 class=\"flip-box-heading-back\">Ger\u00e4tetauchen<\/h3>\n<p>Entdecken Sie mit uns das faszinierende Ger\u00e4tetauchen oder lassen Sie sich yum yertifiyierten Ger\u00e4tetauchen ausbilden.<br \/>\nInformationen an der Rezeption<\/p>\n<\/div><\/div><\/div><\/div><\/div><\/div><div class=\"clearfix\"><\/div><\/div><\/div><div class=\"fusion-clearfix\"><\/div><\/div><\/div><\/div><\/div>\n","protected":false},"excerpt":{"rendered":"","protected":false},"author":1,"featured_media":0,"parent":0,"menu_order":0,"comment_status":"closed","ping_status":"open","template":"100-width.php","meta":{"footnotes":""},"class_list":["post-1953","page","type-page","status-publish","hentry"],"yoast_head":"<!-- This site is optimized with the Yoast SEO plugin v26.6 - https:\/\/yoast.com\/wordpress\/plugins\/seo\/ -->\n<title>Activities - Olympia Hotels<\/title>\n<meta name=\"robots\" content=\"index, follow, max-snippet:-1, max-image-preview:large, max-video-preview:-1\" \/>\n<link rel=\"canonical\" href=\"https:\/\/www.olympia-hotels.com\/de\/activities\/\" \/>\n<meta property=\"og:locale\" content=\"de_DE\" \/>\n<meta property=\"og:type\" content=\"article\" \/>\n<meta property=\"og:title\" content=\"Activities - Olympia Hotels\" \/>\n<meta property=\"og:url\" content=\"https:\/\/www.olympia-hotels.com\/de\/activities\/\" \/>\n<meta property=\"og:site_name\" content=\"Olympia Hotels\" \/>\n<meta property=\"article:modified_time\" content=\"2019-05-26T15:54:46+00:00\" \/>\n<meta name=\"twitter:card\" content=\"summary_large_image\" \/>\n<meta name=\"twitter:label1\" content=\"Gesch\u00e4tzte Lesezeit\" \/>\n\t<meta name=\"twitter:data1\" content=\"11\u00a0Minuten\" \/>\n<script type=\"application\/ld+json\" class=\"yoast-schema-graph\">{\"@context\":\"https:\/\/schema.org\",\"@graph\":[{\"@type\":\"WebPage\",\"@id\":\"https:\/\/www.olympia-hotels.com\/de\/activities\/\",\"url\":\"https:\/\/www.olympia-hotels.com\/de\/activities\/\",\"name\":\"Activities - Olympia Hotels\",\"isPartOf\":{\"@id\":\"https:\/\/www.olympia-hotels.com\/#website\"},\"datePublished\":\"2019-05-26T15:54:45+00:00\",\"dateModified\":\"2019-05-26T15:54:46+00:00\",\"breadcrumb\":{\"@id\":\"https:\/\/www.olympia-hotels.com\/de\/activities\/#breadcrumb\"},\"inLanguage\":\"de\",\"potentialAction\":[{\"@type\":\"ReadAction\",\"target\":[\"https:\/\/www.olympia-hotels.com\/de\/activities\/\"]}]},{\"@type\":\"BreadcrumbList\",\"@id\":\"https:\/\/www.olympia-hotels.com\/de\/activities\/#breadcrumb\",\"itemListElement\":[{\"@type\":\"ListItem\",\"position\":1,\"name\":\"Home\",\"item\":\"https:\/\/www.olympia-hotels.com\/de\/\"},{\"@type\":\"ListItem\",\"position\":2,\"name\":\"Activities\"}]},{\"@type\":\"WebSite\",\"@id\":\"https:\/\/www.olympia-hotels.com\/#website\",\"url\":\"https:\/\/www.olympia-hotels.com\/\",\"name\":\"Olympia Hotels\",\"description\":\"Your Home in Kokkari, Samos - Greece\",\"publisher\":{\"@id\":\"https:\/\/www.olympia-hotels.com\/#organization\"},\"potentialAction\":[{\"@type\":\"SearchAction\",\"target\":{\"@type\":\"EntryPoint\",\"urlTemplate\":\"https:\/\/www.olympia-hotels.com\/?s={search_term_string}\"},\"query-input\":{\"@type\":\"PropertyValueSpecification\",\"valueRequired\":true,\"valueName\":\"search_term_string\"}}],\"inLanguage\":\"de\"},{\"@type\":\"Organization\",\"@id\":\"https:\/\/www.olympia-hotels.com\/#organization\",\"name\":\"olympia A.E.X.T.E\",\"url\":\"https:\/\/www.olympia-hotels.com\/\",\"logo\":{\"@type\":\"ImageObject\",\"inLanguage\":\"de\",\"@id\":\"https:\/\/www.olympia-hotels.com\/#\/schema\/logo\/image\/\",\"url\":\"https:\/\/www.olympia-hotels.com\/wp-content\/uploads\/2017\/10\/sun.png\",\"contentUrl\":\"https:\/\/www.olympia-hotels.com\/wp-content\/uploads\/2017\/10\/sun.png\",\"width\":132,\"height\":132,\"caption\":\"olympia A.E.X.T.E\"},\"image\":{\"@id\":\"https:\/\/www.olympia-hotels.com\/#\/schema\/logo\/image\/\"}}]}<\/script>\n<!-- \/ Yoast SEO plugin. -->","yoast_head_json":{"title":"Activities - Olympia Hotels","robots":{"index":"index","follow":"follow","max-snippet":"max-snippet:-1","max-image-preview":"max-image-preview:large","max-video-preview":"max-video-preview:-1"},"canonical":"https:\/\/www.olympia-hotels.com\/de\/activities\/","og_locale":"de_DE","og_type":"article","og_title":"Activities - Olympia Hotels","og_url":"https:\/\/www.olympia-hotels.com\/de\/activities\/","og_site_name":"Olympia Hotels","article_modified_time":"2019-05-26T15:54:46+00:00","twitter_card":"summary_large_image","twitter_misc":{"Gesch\u00e4tzte Lesezeit":"11\u00a0Minuten"},"schema":{"@context":"https:\/\/schema.org","@graph":[{"@type":"WebPage","@id":"https:\/\/www.olympia-hotels.com\/de\/activities\/","url":"https:\/\/www.olympia-hotels.com\/de\/activities\/","name":"Activities - Olympia Hotels","isPartOf":{"@id":"https:\/\/www.olympia-hotels.com\/#website"},"datePublished":"2019-05-26T15:54:45+00:00","dateModified":"2019-05-26T15:54:46+00:00","breadcrumb":{"@id":"https:\/\/www.olympia-hotels.com\/de\/activities\/#breadcrumb"},"inLanguage":"de","potentialAction":[{"@type":"ReadAction","target":["https:\/\/www.olympia-hotels.com\/de\/activities\/"]}]},{"@type":"BreadcrumbList","@id":"https:\/\/www.olympia-hotels.com\/de\/activities\/#breadcrumb","itemListElement":[{"@type":"ListItem","position":1,"name":"Home","item":"https:\/\/www.olympia-hotels.com\/de\/"},{"@type":"ListItem","position":2,"name":"Activities"}]},{"@type":"WebSite","@id":"https:\/\/www.olympia-hotels.com\/#website","url":"https:\/\/www.olympia-hotels.com\/","name":"Olympia Hotels","description":"Your Home in Kokkari, Samos - Greece","publisher":{"@id":"https:\/\/www.olympia-hotels.com\/#organization"},"potentialAction":[{"@type":"SearchAction","target":{"@type":"EntryPoint","urlTemplate":"https:\/\/www.olympia-hotels.com\/?s={search_term_string}"},"query-input":{"@type":"PropertyValueSpecification","valueRequired":true,"valueName":"search_term_string"}}],"inLanguage":"de"},{"@type":"Organization","@id":"https:\/\/www.olympia-hotels.com\/#organization","name":"olympia A.E.X.T.E","url":"https:\/\/www.olympia-hotels.com\/","logo":{"@type":"ImageObject","inLanguage":"de","@id":"https:\/\/www.olympia-hotels.com\/#\/schema\/logo\/image\/","url":"https:\/\/www.olympia-hotels.com\/wp-content\/uploads\/2017\/10\/sun.png","contentUrl":"https:\/\/www.olympia-hotels.com\/wp-content\/uploads\/2017\/10\/sun.png","width":132,"height":132,"caption":"olympia A.E.X.T.E"},"image":{"@id":"https:\/\/www.olympia-hotels.com\/#\/schema\/logo\/image\/"}}]}},"_links":{"self":[{"href":"https:\/\/www.olympia-hotels.com\/de\/wp-json\/wp\/v2\/pages\/1953","targetHints":{"allow":["GET"]}}],"collection":[{"href":"https:\/\/www.olympia-hotels.com\/de\/wp-json\/wp\/v2\/pages"}],"about":[{"href":"https:\/\/www.olympia-hotels.com\/de\/wp-json\/wp\/v2\/types\/page"}],"author":[{"embeddable":true,"href":"https:\/\/www.olympia-hotels.com\/de\/wp-json\/wp\/v2\/users\/1"}],"replies":[{"embeddable":true,"href":"https:\/\/www.olympia-hotels.com\/de\/wp-json\/wp\/v2\/comments?post=1953"}],"version-history":[{"count":1,"href":"https:\/\/www.olympia-hotels.com\/de\/wp-json\/wp\/v2\/pages\/1953\/revisions"}],"predecessor-version":[{"id":1954,"href":"https:\/\/www.olympia-hotels.com\/de\/wp-json\/wp\/v2\/pages\/1953\/revisions\/1954"}],"wp:attachment":[{"href":"https:\/\/www.olympia-hotels.com\/de\/wp-json\/wp\/v2\/media?parent=1953"}],"curies":[{"name":"wp","href":"https:\/\/api.w.org\/{rel}","templated":true}]}}